{"id":24,"date":"2023-12-26T17:58:51","date_gmt":"2023-12-26T17:58:51","guid":{"rendered":"https:\/\/grupoiteca.com\/?page_id=24"},"modified":"2023-12-28T15:59:49","modified_gmt":"2023-12-28T15:59:49","slug":"quienes-somos","status":"publish","type":"page","link":"https:\/\/grupoiteca.com\/index.php\/quienes-somos\/","title":{"rendered":"\u00bfQui\u00e9nes somos?"},"content":{"rendered":"\n<div class=\"wp-block-group alignfull has-accent-background-color has-background has-global-padding is-layout-constrained wp-container-core-group-is-layout-669513ed wp-block-group-is-layout-constrained\" style=\"margin-top:0;margin-bottom:0;padding-top:var(--wp--preset--spacing--50);padding-right:var(--wp--preset--spacing--50);padding-bottom:var(--wp--preset--spacing--50);padding-left:var(--wp--preset--spacing--50)\">\n<div class=\"wp-block-columns alignwide is-layout-flex wp-container-core-columns-is-layout-1da03c2a wp-block-columns-is-layout-flex\">\n<div class=\"wp-block-column is-vertically-aligned-stretch is-layout-flow wp-block-column-is-layout-flow\" style=\"flex-basis:50%\">\n<div class=\"wp-block-group is-vertical is-content-justification-stretch is-layout-flex wp-container-core-group-is-layout-444d5ee8 wp-block-group-is-layout-flex\" style=\"min-height:100%\">\n<p class=\"has-heading-font-family has-x-large-font-size\" style=\"line-height:1.2\">Somos su mejor opci\u00f3n para ampliar su cartera de clientes. Ofrecemos soluciones t\u00e9cnicas e integrales en temas laborales, fiscales y contables. Externalizando las funciones t\u00e9cnicas de su asesor\u00eda podr\u00e1 dedicar m\u00e1s tiempo a sus clientes, nuestro servicio es una oportunidad para dar forma al futuro de su negocio.<\/p>\n<\/div>\n<\/div>\n\n\n\n<div class=\"wp-block-column is-vertically-aligned-center is-layout-flow wp-block-column-is-layout-flow\" style=\"flex-basis:50%\">\n<figure class=\"wp-block-image size-large is-style-rounded is-style-rounded--1\"><img fetchpriority=\"high\" decoding=\"async\" width=\"819\" height=\"1024\" src=\"https:\/\/grupoiteca.com\/wp-content\/uploads\/2023\/12\/QUIENES-SOMOS1-819x1024.png\" alt=\"\" class=\"wp-image-25\" style=\"aspect-ratio:3\/4;object-fit:cover\" srcset=\"https:\/\/grupoiteca.com\/wp-content\/uploads\/2023\/12\/QUIENES-SOMOS1-819x1024.png 819w, https:\/\/grupoiteca.com\/wp-content\/uploads\/2023\/12\/QUIENES-SOMOS1-240x300.png 240w, https:\/\/grupoiteca.com\/wp-content\/uploads\/2023\/12\/QUIENES-SOMOS1-768x960.png 768w, https:\/\/grupoiteca.com\/wp-content\/uploads\/2023\/12\/QUIENES-SOMOS1.png 1000w\" sizes=\"(max-width: 819px) 100vw, 819px\" \/><\/figure>\n<\/div>\n<\/div>\n<\/div>\n\n\n\n<div class=\"wp-block-group alignfull has-base-background-color has-background has-global-padding is-layout-constrained wp-container-core-group-is-layout-d89aad35 wp-block-group-is-layout-constrained\" style=\"margin-top:0;margin-bottom:0;padding-top:var(--wp--preset--spacing--50);padding-right:var(--wp--preset--spacing--50);padding-bottom:var(--wp--preset--spacing--50);padding-left:var(--wp--preset--spacing--50)\">\n<div class=\"wp-block-columns alignwide is-layout-flex wp-container-core-columns-is-layout-549b0c86 wp-block-columns-is-layout-flex\">\n<div class=\"wp-block-column has-global-padding is-content-justification-left is-layout-constrained wp-container-core-column-is-layout-4f15e8fe wp-block-column-is-layout-constrained\" style=\"flex-basis:40%\">\n<p>En qu\u00e9 basamos nuestra colaboraci\u00f3n.<\/p>\n<\/div>\n\n\n\n<div class=\"wp-block-column is-layout-flow wp-container-core-column-is-layout-119bc444 wp-block-column-is-layout-flow\" style=\"flex-basis:60%\">\n<p class=\"has-heading-font-family has-x-large-font-size\" style=\"line-height:1.2\">El futuro es la especializaci\u00f3n, centre sus esfuerzos en asesorar a sus clientes, en la atenci\u00f3n personalizada, nosotros nos encargamos del resto.<\/p>\n\n\n\n<div class=\"wp-block-columns is-layout-flex wp-container-core-columns-is-layout-87beb0d0 wp-block-columns-is-layout-flex\">\n<div class=\"wp-block-column is-layout-flow wp-block-column-is-layout-flow\">\n<p class=\"wp-container-content-9cfa9a5a\">Cada miembro de nuestro equipo cuenta con dilatada experiencia en los campos fiscales, laborales y contables. El haber trabajado en dichas \u00e1reas les da el conocimiento necesario para saber que el mayor dilema de las asesor\u00edas actuales es que al desear abarcar todos los campos no se puede dar el asesoramiento adecuada sus clientes, prestar los servicios jur\u00eddicos necesarios, o simplemente ofrecer una atenci\u00f3n personalizada.<\/p>\n<\/div>\n\n\n\n<div class=\"wp-block-column is-layout-flow wp-block-column-is-layout-flow\">\n<p>Ponemos a su servicio nuestro grupo humano para colaborar en las tareas t\u00e9cnicas de sus clientes, elaborando altas y bajas en seguridad social, calculando n\u00f3minas y finiquitos, contratos, cartas de despidos, etc. En el \u00e1rea fiscal elaboramos las declaraciones de IRPF, SOCIEDADES, etc. En el \u00e1rea contable planificaremos la contabilidad necesaria y adaptada a las necesidades de sus clientes. Muchas asesor\u00edas, gestor\u00edas y profesionales del derecho cuentan con nuestro apoyo.<\/p>\n<\/div>\n<\/div>\n<\/div>\n<\/div>\n<\/div>\n\n\n\n<div class=\"wp-block-group alignfull has-accent-5-background-color has-background has-global-padding is-layout-constrained wp-container-core-group-is-layout-d89aad35 wp-block-group-is-layout-constrained\" style=\"margin-top:0;margin-bottom:0;padding-top:var(--wp--preset--spacing--50);padding-right:var(--wp--preset--spacing--50);padding-bottom:var(--wp--preset--spacing--50);padding-left:var(--wp--preset--spacing--50)\">\n<div class=\"wp-block-columns alignwide is-layout-flex wp-container-core-columns-is-layout-1da03c2a wp-block-columns-is-layout-flex\">\n<div class=\"wp-block-column is-vertically-aligned-center is-layout-flow wp-block-column-is-layout-flow\" style=\"flex-basis:60%\">\n<figure class=\"wp-block-image size-full is-resized is-style-rounded wp-duotone-duotone-1 is-style-rounded--2\"><img decoding=\"async\" width=\"1840\" height=\"1228\" src=\"https:\/\/grupoiteca.com\/wp-content\/uploads\/2023\/12\/unsplash_professional_services1.jpg\" alt=\"\" class=\"wp-image-35\" style=\"aspect-ratio:1.3333333333333333;object-fit:cover;width:653px;height:auto\" srcset=\"https:\/\/grupoiteca.com\/wp-content\/uploads\/2023\/12\/unsplash_professional_services1.jpg 1840w, https:\/\/grupoiteca.com\/wp-content\/uploads\/2023\/12\/unsplash_professional_services1-300x200.jpg 300w, https:\/\/grupoiteca.com\/wp-content\/uploads\/2023\/12\/unsplash_professional_services1-1024x683.jpg 1024w, https:\/\/grupoiteca.com\/wp-content\/uploads\/2023\/12\/unsplash_professional_services1-768x513.jpg 768w, https:\/\/grupoiteca.com\/wp-content\/uploads\/2023\/12\/unsplash_professional_services1-1536x1025.jpg 1536w\" sizes=\"(max-width: 1840px) 100vw, 1840px\" \/><\/figure>\n<\/div>\n\n\n\n<div class=\"wp-block-column is-layout-flow wp-block-column-is-layout-flow\" style=\"flex-basis:40%\">\n<h2 class=\"wp-block-heading\">Ampliar su negocio a trav\u00e9s de nuestros servicios <\/h2>\n\n\n\n<p>Experimente la fusi\u00f3n de compromiso y experiencia con GRUPO ITECA, hemos colaborado con el crecimiento de un gran n\u00famero de despachos, asesores y gestores. <\/p>\n\n\n\n<div class=\"wp-block-buttons is-layout-flex wp-block-buttons-is-layout-flex\">\n<div class=\"wp-block-button\"><a class=\"wp-block-button__link wp-element-button\">Nuestros servicios<\/a><\/div>\n<\/div>\n<\/div>\n<\/div>\n<\/div>\n\n\n\n<div class=\"wp-block-group alignfull has-global-padding is-layout-constrained wp-container-core-group-is-layout-669513ed wp-block-group-is-layout-constrained\" style=\"margin-top:0;margin-bottom:0;padding-top:var(--wp--preset--spacing--50);padding-right:var(--wp--preset--spacing--50);padding-bottom:var(--wp--preset--spacing--50);padding-left:var(--wp--preset--spacing--50)\">\n<div class=\"wp-block-group is-vertical is-content-justification-center is-layout-flex wp-container-core-group-is-layout-ce155fab wp-block-group-is-layout-flex\">\n<h2 class=\"wp-block-heading has-text-align-center has-xx-large-font-size\">Nuestro compromiso<\/h2>\n\n\n\n<p class=\"has-text-align-center\">ayudarle en su crecimiento, su tranquilidad, es nuestra raz\u00f3n de ser.<\/p>\n<\/div>\n\n\n\n<div style=\"height:var(--wp--preset--spacing--30)\" aria-hidden=\"true\" class=\"wp-block-spacer\"><\/div>\n\n\n\n<div class=\"wp-block-columns alignwide is-layout-flex wp-container-core-columns-is-layout-4935966c wp-block-columns-is-layout-flex\" style=\"padding-right:0;padding-left:0\">\n<div class=\"wp-block-column is-layout-flow wp-block-column-is-layout-flow\"><\/div>\n\n\n\n<div class=\"wp-block-column is-layout-flow wp-block-column-is-layout-flow\"><\/div>\n<\/div>\n<\/div>\n\n\n\n\n\n<div class=\"wp-block-group alignfull has-base-color has-contrast-background-color has-text-color has-background has-link-color wp-elements-a6acdc28436fc936b5266c71f526bf23 has-global-padding is-layout-constrained wp-container-core-group-is-layout-d89aad35 wp-block-group-is-layout-constrained\" style=\"margin-top:0;margin-bottom:0;padding-top:var(--wp--preset--spacing--50);padding-right:var(--wp--preset--spacing--50);padding-bottom:var(--wp--preset--spacing--50);padding-left:var(--wp--preset--spacing--50)\">\n<h2 class=\"wp-block-heading alignwide has-base-color has-text-color has-link-color wp-elements-c9b5699bdecff18878afa112249018b5\" style=\"font-size:clamp(4.509rem, 4.509rem + ((1vw - 0.2rem) * 9.152), 10rem);letter-spacing:-0.02em\">FAQs<\/h2>\n\n\n\n<div class=\"wp-block-group alignwide is-layout-flow wp-block-group-is-layout-flow\">\n<hr class=\"wp-block-separator has-text-color has-base-color has-alpha-channel-opacity has-base-background-color has-background is-style-wide\"\/>\n\n\n\n<details class=\"wp-block-details is-style-arrow-icon-details has-medium-font-size is-layout-flow wp-block-details-is-layout-flow\" style=\"border-top-style:none;border-top-width:0px;border-right-style:none;border-right-width:0px;border-bottom-color:var(--wp--preset--color--base);border-bottom-style:solid;border-bottom-width:1px;border-left-style:none;border-left-width:0px;margin-top:0\"><summary>\u00bfEs necesario tener muchos clientes para poder usar sus servicios?<\/summary>\n<p class=\"has-contrast-1-color has-text-color has-link-color wp-elements-c38840c2dabfd9c8efdffb9c06bdab0a\">De ninguna manera, GRUPO ITECA le ofrece sus servicios desde el inicio de su misi\u00f3n como asesor, tenemos el agrado de tener a muchos clientes que contaron con nosotros desde el inicio y ver que crecen junto a nosotros es la mejor garant\u00eda de nuestros servicios.<\/p>\n<\/details>\n\n\n\n<details class=\"wp-block-details is-style-arrow-icon-details has-medium-font-size is-layout-flow wp-block-details-is-layout-flow\" style=\"border-top-style:none;border-top-width:0px;border-right-style:none;border-right-width:0px;border-bottom-color:var(--wp--preset--color--base);border-bottom-style:solid;border-bottom-width:1px;border-left-style:none;border-left-width:0px;margin-top:0\"><summary>Nuestra relaci\u00f3n se basa en la confianza<\/summary>\n<p class=\"has-contrast-1-color has-text-color has-link-color wp-elements-48a5679a01545906977ebebb3ecfa3e8\">GRUPO ITECA s\u00f3lo ofrece servicio a profesionales del derecho, abogados, asesores, gestores, administradores de fincas, asesores del derecho inmobiliario, firmamos con nuestros clientes un acuerdo de confidencialidad y no competencia, por el cual no podemos prestar asesor\u00eda directa a sus clientes, es m\u00e1s GRUPO ITECA no presta servicio de asesor\u00eda, s\u00f3lo ofrecemos las labores t\u00e9cnicas laborales, fiscales y contables.<\/p>\n<\/details>\n\n\n\n<details class=\"wp-block-details is-style-arrow-icon-details has-medium-font-size is-layout-flow wp-block-details-is-layout-flow\" style=\"border-top-style:none;border-top-width:0px;border-right-style:none;border-right-width:0px;border-bottom-color:var(--wp--preset--color--base);border-bottom-style:solid;border-bottom-width:1px;border-left-style:none;border-left-width:0px;margin-top:0\"><summary>Me gustar\u00eda saber m\u00e1s de sus servicios<\/summary>\n<p class=\"has-contrast-1-color has-text-color has-link-color wp-elements-e2ed206ff1f8e3260edc2242a51cf098\">Contacta con GRUPO ITECA en nuestro formulario, de esta forma te aclararemos tus dudas.<\/p>\n<\/details>\n\n\n\n<details class=\"wp-block-details is-style-arrow-icon-details has-medium-font-size is-layout-flow wp-block-details-is-layout-flow\" style=\"border-top-style:none;border-top-width:0px;border-right-style:none;border-right-width:0px;border-bottom-color:var(--wp--preset--color--base);border-bottom-style:solid;border-bottom-width:1px;border-left-style:none;border-left-width:0px;margin-top:0\"><summary>\u00bfC\u00f3mo puedo contactar con GRUPO ITECA para formar parte de su equipo?<\/summary>\n<p class=\"has-contrast-1-color has-text-color has-link-color wp-elements-3f6d60c34840cf637aeebd48526e99f0\">En nuestro apartado \u00abEmpleo\u00bb podr\u00e1s adjuntar tus datos y contactaremos contigo.<\/p>\n<\/details>\n\n\n\n<div style=\"margin-top:var(--wp--preset--spacing--10);margin-bottom:0;height:var(--wp--preset--spacing--10)\" aria-hidden=\"true\" class=\"wp-block-spacer\"><\/div>\n<\/div>\n<\/div>\n","protected":false},"excerpt":{"rendered":"<p>Somos su mejor opci\u00f3n para ampliar su cartera de clientes. Ofrecemos soluciones t\u00e9cnicas e integrales en temas laborales, fiscales y contables. Externalizando las funciones t\u00e9cnicas de su asesor\u00eda podr\u00e1 dedicar m\u00e1s tiempo a sus clientes, nuestro servicio es una oportunidad para dar forma al futuro de su negocio. En qu\u00e9 basamos nuestra colaboraci\u00f3n. El futuro [&hellip;]<\/p>\n","protected":false},"author":1,"featured_media":0,"parent":0,"menu_order":0,"comment_status":"closed","ping_status":"closed","template":"","meta":{"footnotes":""},"class_list":["post-24","page","type-page","status-publish","hentry"],"_links":{"self":[{"href":"https:\/\/grupoiteca.com\/index.php\/wp-json\/wp\/v2\/pages\/24","targetHints":{"allow":["GET"]}}],"collection":[{"href":"https:\/\/grupoiteca.com\/index.php\/wp-json\/wp\/v2\/pages"}],"about":[{"href":"https:\/\/grupoiteca.com\/index.php\/wp-json\/wp\/v2\/types\/page"}],"author":[{"embeddable":true,"href":"https:\/\/grupoiteca.com\/index.php\/wp-json\/wp\/v2\/users\/1"}],"replies":[{"embeddable":true,"href":"https:\/\/grupoiteca.com\/index.php\/wp-json\/wp\/v2\/comments?post=24"}],"version-history":[{"count":4,"href":"https:\/\/grupoiteca.com\/index.php\/wp-json\/wp\/v2\/pages\/24\/revisions"}],"predecessor-version":[{"id":36,"href":"https:\/\/grupoiteca.com\/index.php\/wp-json\/wp\/v2\/pages\/24\/revisions\/36"}],"wp:attachment":[{"href":"https:\/\/grupoiteca.com\/index.php\/wp-json\/wp\/v2\/media?parent=24"}],"curies":[{"name":"wp","href":"https:\/\/api.w.org\/{rel}","templated":true}]}}