{"id":3,"date":"2023-12-21T14:56:09","date_gmt":"2023-12-21T14:56:09","guid":{"rendered":"https:\/\/grupoiteca.com\/?page_id=3"},"modified":"2024-01-02T16:41:37","modified_gmt":"2024-01-02T16:41:37","slug":"privacy-policy","status":"publish","type":"page","link":"https:\/\/grupoiteca.com\/index.php\/privacy-policy\/","title":{"rendered":"Pol\u00edtica de Privacidad"},"content":{"rendered":"\n<h2 class=\"wp-block-heading\">Informaci\u00f3n de Grupo Iteca<\/h2>\n\n\n\n<p><strong class=\"privacy-policy-tutorial\">Sitio Web: <\/strong>Nuestra direcci\u00f3n web es: https:\/\/www.grupoiteca.com.<\/p>\n\n\n\n<p>Estas condiciones legales autorizan la utilizaci\u00f3n y acceso a la p\u00e1gina web&nbsp;<strong>www.grupoiteca.com&nbsp;<\/strong>que es propiedad de la empresa Iteca Ivestment &amp; Technologies S.L.&nbsp; con CIF: B87903282 (en adelante&nbsp;<strong>GRUPO ITECA<\/strong>). Aceptar estas condiciones legales pone de manifiesto: -La lectura, comprensi\u00f3n y entendimiento de lo expuesto a continuaci\u00f3n:<\/p>\n\n\n\n<p>-Que es una persona con capacidad para contratar.<\/p>\n\n\n\n<p>-Que acepta las condiciones aqu\u00ed descritas.<\/p>\n\n\n\n<p>-Que tiene 18 a\u00f1os para acceder a la p\u00e1gina web y es mayor de edad.<\/p>\n\n\n\n<p>I.-Al acceder a nuestra p\u00e1gina web, usted obtiene la condici\u00f3n de usuario de&nbsp;<strong>GRUPO ITECA<\/strong>&nbsp;lo cual implica la aceptaci\u00f3n de todos los t\u00e9rminos incluidos en las condiciones legales y de nuestras pol\u00edticas de privacidad. El usuario est\u00e1 obligado a leer dichas condiciones legales cada vez que entre a&nbsp;<strong>GRUPO ITECA<\/strong> debido a que pueden sufrir modificaciones.<\/p>\n\n\n\n<p>II.-<strong>GRUPO ITECA<\/strong>&nbsp;se reserva el derecho de modificar en cualquier momento y sin preaviso, la configuraci\u00f3n del portal web, presentaci\u00f3n, caracter\u00edsticas, aviso legal, las condiciones generales, las pol\u00edticas de cookies y las pol\u00edticas de privacidad. Todos los usuarios tendr\u00e1n a su entera disposici\u00f3n en un sitio visible de nuestro portal www.adagra.com el marco de normas que regulan las condiciones de visita y uso y ser\u00e1n libremente visibles y accesibles para cuantas consultas deseen realizar los usuarios una vez registrados.<br>El usuario se compromete a leer atentamente este aviso legal, las condiciones generales, la pol\u00edticia de cookies y la pol\u00edtica de privacidad cada vez que accedan al sitio web www.adagra.com. La aceptaci\u00f3n de los contenidos de este aviso legal, condiciones generales, pol\u00edtica de cookies y pol\u00edtica de privacidad ser\u00e1 un paso previo e indispensable a la visita y registro de usuario del sitio web.<\/p>\n\n\n\n<p>Estas modificaciones no perjudicar\u00e1n a descuentos, ni medios que hubiesen sido obtenidos antes de tales cambios.<\/p>\n\n\n\n<p>III.-<strong>Informaci\u00f3n del sitio web<\/strong><\/p>\n\n\n\n<p>En cumplimiento de lo establecido por el art\u00edculo 10 de la Ley 34\/2002, de 11 de julio, de servicios de la sociedad de la informaci\u00f3n y de comercio electr\u00f3nico, se ofrece la informaci\u00f3n general del Sitio Web:<\/p>\n\n\n\n<p><strong>TITULAR: iteca Investments &amp; Technologies S.L.<\/strong><\/p>\n\n\n\n<p><strong>Domicilio Social: C\/ juliana 2 local n\u00famero 3, El Escorial, Madrid 28280<\/strong><\/p>\n\n\n\n<p><strong>C.I.F: B87903282<\/strong><\/p>\n\n\n\n<p><strong>E-mail: info@grupoiteca.com<\/strong><\/p>\n\n\n\n<p><strong>&nbsp;<\/strong><strong>IV.- Incorporaci\u00f3n de datos personales a los ficheros de GRUPOITECA.COM<\/strong><\/p>\n\n\n\n<p>De conformidad con lo establecido en la Ley Org\u00e1nica 15\/1999, de 13 de diciembre, de Protecci\u00f3n de Datos de Car\u00e1cter Personal (en adelante, \u201cLOPD\u201d), informamos que los datos personales que nos faciliten a trav\u00e9s del Sitio Web ser\u00e1n incorporados y tratados en ficheros pertenecientes a ITECA INVESTMENTS &amp; TECHNOLOGIES, S.L. con CIF:&nbsp;B87903282 y en ficheros pertenecientes a GRUPO AMPUERO SERVICIOS Y PROYECTOS S.L. con CIF: B86152642 ambas con domicilio en Calle Juliana 2 Local 3 El Escorial, Madrid 28280, para as\u00ed mantener informado al Usuario sobre servicios y productos de ambas sociedades, comprobar tarjetas de cr\u00e9dito y\/o otros medios de pago, hacer estudios estad\u00edsticos; realizar contabilidad, facturaci\u00f3n y auditor\u00eda en ambas empresas, comunicar descuentos ofrecidos a trav\u00e9s de nuestras plataformas electr\u00f3nicas (si no desea recibir comunicaci\u00f3n alguna , puede comunicarlo a trav\u00e9s de un correo electr\u00f3nico a&nbsp;<strong>info@grupoiteca.com<\/strong>) . La entrega de todos los datos solicitados es necesaria para hacer una \u00f3ptima prestaci\u00f3n de servicios. De no hacerlo as\u00ed ITECA INVESTMENTS &amp; TECHNOLOGIES, S.L. Y GRUPO AMPUERO SERVICIOS Y PROYECTOS, S.L. no garantizan que los servicios e informaci\u00f3n solicitados puedan darse correctamente. El intercambio de datos que se realice entre el Usuario y&nbsp;<strong>GRUPO ITECA<\/strong>&nbsp;, as\u00ed como los datos almacenados en nuestros ficheros est\u00e1n protegidos por sistemas de seguridad en la red que bloquean el acceso a personas no autorizadas. Mediante el registro en nuestro portal web o el env\u00edo de un formulario para contactar con&nbsp;<strong>GRUPO ITECA<\/strong>&nbsp;y aceptando que ha le\u00eddo la pol\u00edtica de privacidad usted da su consentimiento expreso para que ITECA INVESTMENTS &amp; TECHNOLOGIES, S.L (<strong>www.grupoiteca.com<\/strong>) pueda utilizar con el fin concreto descrito en esta cl\u00e1usula los datos facilitados por usted, comprometi\u00e9ndose a tratar de forma confidencial los datos de car\u00e1cter personal facilitados y a no comunicar ni a ceder dicha informaci\u00f3n a terceros.<\/p>\n\n\n\n<p><strong>V.- Prohibido el registro a menores de edad<\/strong><\/p>\n\n\n\n<p>Est\u00e1 prohibido que los menores de 18 a\u00f1os, faciliten sus datos en www.adagra.com. ITECA INVESTMENTS &amp; TECHNOLOGIES quedan exonerados de cualquier responsabilidad en caso que una persona que no tenga la edad m\u00ednima legal realice compras o ceda datos en nuestro sitio web.<\/p>\n\n\n\n<p><strong>VI.- Ejercicio de derechos<\/strong><\/p>\n\n\n\n<p>En cualquier momento el usuario puede ejercer sus derechos de acceso, cancelaci\u00f3n y rectificaci\u00f3n previsto en la LOPD a trav\u00e9s de una carta dirigida a ITECA INVESTMENTS &amp; TECHNOLOGIES, S.L. calle juliana 2 local 3 Madrid 28280  o tambi\u00e9n mediante un correo electr\u00f3nico dirigido a info@grupoiteca.com el usuario deber\u00e1 adjuntar una copia del documento de identidad que lo identifique y hacer constar claramente que desea que sus datos sean dados de baja en los ficheros de ambas entidades, en caso contrario solo se dar\u00e1 baja en la entidad a la que se le ha enviado la comunicaci\u00f3n.<\/p>\n\n\n\n<p><strong>VII.- Uso de cookies<\/strong><\/p>\n\n\n\n<p><strong>GRUPO ITECA<\/strong>&nbsp;utiliza cookies que se han quedado almacenadas en el ordenador del usuario. Estas cookies son peque\u00f1os archivos que nuestros servidores env\u00edan al ordenador del usuario; dichas cookies no pueden leer la informaci\u00f3n almacenada en el ordenador del usuario, ni las cookies que hayan ya en el mismo. Cuando se navega por la web, los servidores reconocen la ip del ordenador, la hora y d\u00eda en que inicia y finaliza la visita y los sectores visitados. Estos datos son importantes para as\u00ed hacer mas f\u00e1cil la comunicaci\u00f3n entre el usuario y nosotros.<\/p>\n\n\n\n<p><strong>VIII.- Condiciones de uso<\/strong><\/p>\n\n\n\n<p><strong>1.- Acceso al sitio web<\/strong><\/p>\n\n\n\n<p>El acceso es gratuito, pero el coste de la conexi\u00f3n que realiza el usuario a trav\u00e9s de la red de internet es el coste que tiene contratado con su servidor de comunicaciones<\/p>\n\n\n\n<p><strong>2.- Necesidad de Registro como socio<\/strong><\/p>\n\n\n\n<p>Para visitar nuestra p\u00e1gina web,&nbsp;<strong>NO<\/strong>&nbsp;es necesario registrarse como socio o usuario. Pero para realizar la compra de nuestros productos ofertados si es imprescindible el registro.<\/p>\n\n\n\n<p>Los datos introducidos por el usuario deben ser veraces y actuales. El Usuario registrado contraer\u00e1 la condici\u00f3n de socio y ser\u00e1 responsable en todo momento de la protecci\u00f3n de su contrase\u00f1a; siendo \u00e9l, el responsable de cualquier agravio e inconveniente que sucediese por el uso indebido de la misma, as\u00ed como de desvelar, entregar o perderla.<\/p>\n\n\n\n<p>Por lo tanto, el acceso a \u00e1reas restringidas, el uso de servicios con la contrase\u00f1a de un Socio registrado se atribuir\u00e1n a dicho Socio registrado, siendo \u00e9l, el que responda en todo caso al acceso y uso. Si un socio intuye que una persona no autorizada ha accedido a su cuenta, debe comunicarlo inmediatamente a&nbsp;<strong>GRUPO ITECA<\/strong>.<\/p>\n\n\n\n<p>Si un Usuario diese los datos de un tercero, dicho Usuario debe comunicar que tiene el consentimiento de esta persona para la cesi\u00f3n de sus datos<\/p>\n\n\n\n<p><strong>3.- Mi cuenta<\/strong><\/p>\n\n\n\n<p>En el momento en que el socio esta registrado en la web, puede acceder a \u201cMi Cuenta\u201d. En dicho apartado se pueden modificar los datos personales, as\u00ed como la direcci\u00f3n de env\u00edo de los pedidos, ver si existen pedidos pendientes de entrega, ver si el Usuario dispone de alg\u00fan cheque regalo, visualizar y\/o descargar facturas y en cualquier momento anular su registro en&nbsp;<strong>GRUPO ITECA<\/strong>&nbsp;d\u00e1ndonos a conocer el motivo de la cancelaci\u00f3n.<\/p>\n\n\n\n<p><strong>4.- Normas de utilizaci\u00f3n del Sitio Web<\/strong><\/p>\n\n\n\n<p>El usuario est\u00e1 obligado a utilizar los servicios y el contenido del Sitio Web de acuerdo a lo establecido en la ley, el orden p\u00fablico, la moralidad y en dichas Condiciones Legales. De igual manera est\u00e1 obligado hacer uso apropiado de los servicios y\/o contenidos del Sitio Web y de no usarlos en actividades il\u00edcitas que atente sobre los derechos de terceros y\/o infrinjan la ley de la propiedad intelectual e industrial o quebrante cualquier norma del ordenamiento jur\u00eddico aplicable. El Usuario se obliga a difundir, transferir y otorgar a terceros cualquier tipo de informaci\u00f3n como archivos de audio e imagen, fotos, dibujos, contenidos, datos, software, etc, informamos que el usuario tambi\u00e9n se compromete a :<\/p>\n\n\n\n<p>-No introducir ni difundir contenidos o publicidad con car\u00e1cter racista, xen\u00f3fobo, pornogr\u00e1fico o de apolog\u00eda al terrorismo y que vayan en contra los derechos humanos.<\/p>\n\n\n\n<p>-No introducir ni difundir a trav\u00e9s de la red programas como virus y\/o software da\u00f1ino, que puedan da\u00f1ar los sistemas inform\u00e1ticos al proveedor de acceso, o a terceros usuarios de la red de internet.<\/p>\n\n\n\n<p>-No introducir, difundir ni poner a disposici\u00f3n de terceros cualquier tipo de informaci\u00f3n o contenido que ataque los derechos y las libertades p\u00fablicas reconocidas en las leyes tanto nacionales como internacionales.<\/p>\n\n\n\n<p>-No introducir, difundir ni poner a disposici\u00f3n de terceros cualquier tipo de informaci\u00f3n que sea considerado publicidad desleal.<\/p>\n\n\n\n<p>-No difundir material publicitario ni publicidad no solicitada, ni correo basura, cartas en cadena<\/p>\n\n\n\n<p>-No introducir ni difundir informaci\u00f3n falsa o confusa que fomente una recepci\u00f3n err\u00f3nea de la informaci\u00f3n.<\/p>\n\n\n\n<p>-No suplantar la identidad de otros Usuarios utilizando sus claves en los diferentes servicios del sitio web.<\/p>\n\n\n\n<p>-No introducir ni difundir cualquier informaci\u00f3n que afecte a los derechos de la propiedad intelectual e industrial, marcas, patentes o copyright tanto del sitio web como de terceros.<\/p>\n\n\n\n<p>-No difundir ni transmitir informaci\u00f3n o contenidos que violen las comunicaciones y los datos de car\u00e1cter personal.<\/p>\n\n\n\n<p>&nbsp;Los enlaces o links que aparecen en nuestra p\u00e1gina web, son simplemente informaci\u00f3n,&nbsp;<strong>GRUPO ITECA<\/strong>&nbsp;no se hace responsable de los servicios, productos y\/o contenidos que se ofertan en dichas paginas o enlaces.<\/p>\n\n\n\n<p><strong>IX.-&nbsp;Exclusi\u00f3n de Responsabilidad<\/strong><\/p>\n\n\n\n<p><strong>GRUPO ITECA<\/strong>&nbsp;no se hace responsable de las actualizaciones realizadas para el mantenimiento actualizado del sitio web, tampoco podemos garantizar que la informaci\u00f3n publicada sea precisa y completa; por lo tanto recomendamos que el usuario confirme la veracidad de todo lo publicado en el sitio web antes de tomar cualquier decisi\u00f3n.<\/p>\n\n\n\n<p>No estamos obligados a controlar la presencia de virus, troyanos o cualquier elemento inform\u00e1tico da\u00f1ino. Al usuario le corresponde contar con las herramientas precisas para poder detectar e eliminar cualquier programa o archivo malicioso que pueda da\u00f1ar el ordenador.<\/p>\n\n\n\n<p><strong>GRUPO ITECA<\/strong>&nbsp;no se hace responsable de cualquier da\u00f1o que se produzca en el software o en los equipos inform\u00e1ticos de los usuarios o de terceros al utilizar los servicios que se ofrecen en&nbsp;<strong>GRUPO ITECA<\/strong>, ni de los que puedan sufrir a causa de cortes del suministro de red el\u00e9ctrica.<\/p>\n\n\n\n<p><strong>X.- Propiedad intelectual e industrial<\/strong><\/p>\n\n\n\n<p>Todos los contenidos existentes en el sitio web como; gr\u00e1ficos, fotograf\u00edas, textos, im\u00e1genes, software, tecnolog\u00eda, contenidos audiovisuales y de audio; los c\u00f3digos fuente y el dise\u00f1o grafico son propiedad intelectual de&nbsp;<strong>GRUPO ITECA<\/strong>, el uso de ellos no da derecho a su explotaci\u00f3n para uso personal. Los nombres comerciales, marcas, s\u00edmbolos son propiedad de&nbsp;<strong>GRUPO ITECA<\/strong>, por lo tanto el acceso al sitio web y su uso no da derechos sobre los mismos.<\/p>\n\n\n\n<p>&nbsp;<strong>XI.- Nulidad e ineficacia de las cl\u00e1usulas<\/strong><\/p>\n\n\n\n<p>Cualquier cl\u00e1usula incluida en las Condiciones Legales que se llegue a declarar total o parcialmente ineficaz, solo se ver\u00e1 afectada ella misma y se considerara no incluida en las Condiciones Legales las dem\u00e1s seguir\u00e1n presentes en dicho apartado.<\/p>\n","protected":false},"excerpt":{"rendered":"<p>Informaci\u00f3n de Grupo Iteca Sitio Web: Nuestra direcci\u00f3n web es: https:\/\/www.grupoiteca.com. Estas condiciones legales autorizan la utilizaci\u00f3n y acceso a la p\u00e1gina web&nbsp;www.grupoiteca.com&nbsp;que es propiedad de la empresa Iteca Ivestment &amp; Technologies S.L.&nbsp; con CIF: B87903282 (en adelante&nbsp;GRUPO ITECA). Aceptar estas condiciones legales pone de manifiesto: -La lectura, comprensi\u00f3n y entendimiento de lo expuesto a [&hellip;]<\/p>\n","protected":false},"author":1,"featured_media":7,"parent":0,"menu_order":0,"comment_status":"closed","ping_status":"open","template":"","meta":{"footnotes":""},"class_list":["post-3","page","type-page","status-publish","has-post-thumbnail","hentry"],"_links":{"self":[{"href":"https:\/\/grupoiteca.com\/index.php\/wp-json\/wp\/v2\/pages\/3","targetHints":{"allow":["GET"]}}],"collection":[{"href":"https:\/\/grupoiteca.com\/index.php\/wp-json\/wp\/v2\/pages"}],"about":[{"href":"https:\/\/grupoiteca.com\/index.php\/wp-json\/wp\/v2\/types\/page"}],"author":[{"embeddable":true,"href":"https:\/\/grupoiteca.com\/index.php\/wp-json\/wp\/v2\/users\/1"}],"replies":[{"embeddable":true,"href":"https:\/\/grupoiteca.com\/index.php\/wp-json\/wp\/v2\/comments?post=3"}],"version-history":[{"count":2,"href":"https:\/\/grupoiteca.com\/index.php\/wp-json\/wp\/v2\/pages\/3\/revisions"}],"predecessor-version":[{"id":66,"href":"https:\/\/grupoiteca.com\/index.php\/wp-json\/wp\/v2\/pages\/3\/revisions\/66"}],"wp:featuredmedia":[{"embeddable":true,"href":"https:\/\/grupoiteca.com\/index.php\/wp-json\/wp\/v2\/media\/7"}],"wp:attachment":[{"href":"https:\/\/grupoiteca.com\/index.php\/wp-json\/wp\/v2\/media?parent=3"}],"curies":[{"name":"wp","href":"https:\/\/api.w.org\/{rel}","templated":true}]}}