{"id":45,"date":"2023-12-28T16:46:04","date_gmt":"2023-12-28T16:46:04","guid":{"rendered":"https:\/\/grupoiteca.com\/?page_id=45"},"modified":"2023-12-28T18:02:31","modified_gmt":"2023-12-28T18:02:31","slug":"servicios","status":"publish","type":"page","link":"https:\/\/grupoiteca.com\/index.php\/servicios\/","title":{"rendered":"Servicios"},"content":{"rendered":"\n<div class=\"wp-block-group alignfull has-accent-2-background-color has-background has-global-padding is-layout-constrained wp-container-core-group-is-layout-669513ed wp-block-group-is-layout-constrained\" style=\"margin-top:0;margin-bottom:0;padding-top:var(--wp--preset--spacing--50);padding-right:var(--wp--preset--spacing--50);padding-bottom:var(--wp--preset--spacing--50);padding-left:var(--wp--preset--spacing--50)\">\n<div class=\"wp-block-columns alignwide is-layout-flex wp-container-core-columns-is-layout-28f84493 wp-block-columns-is-layout-flex\">\n<div class=\"wp-block-column is-layout-flow wp-block-column-is-layout-flow\" style=\"flex-basis:40%\">\n<h2 class=\"wp-block-heading\">Su tiempo, <\/h2>\n\n\n\n<h2 class=\"wp-block-heading\">lo m\u00e1s importante<\/h2>\n<\/div>\n\n\n\n<div class=\"wp-block-column is-layout-flow wp-block-column-is-layout-flow\" style=\"flex-basis:60%\">\n<p class=\"has-heading-font-family has-x-large-font-size\" style=\"line-height:1.2\">\u00bfPor qu\u00e9 es necesario para usted Grupo Iteca?<\/p>\n\n\n\n<ul class=\"wp-block-list\">\n<li>Porque podemos ayudarle a gestionar mejor sus funciones de asesoramiento.<\/li>\n\n\n\n<li>Porque le apoyaremos para conseguir que sus relaciones con sus clientes sean m\u00e1s personalizadas.<\/li>\n\n\n\n<li>Porque al externalizar las funciones t\u00e9cnicas de su asesor\u00eda, gestor\u00eda, administraci\u00f3n de fincas, etc. Podr\u00e1 invertir m\u00e1s tiempo para lo m\u00e1s importante, hacer crecer su negocio.<\/li>\n<\/ul>\n<\/div>\n<\/div>\n\n\n\n<div style=\"height:var(--wp--preset--spacing--40)\" aria-hidden=\"true\" class=\"wp-block-spacer\"><\/div>\n\n\n\n<figure class=\"wp-block-image alignwide size-large is-style-rounded is-style-rounded--1\"><img fetchpriority=\"high\" decoding=\"async\" width=\"1024\" height=\"645\" src=\"https:\/\/grupoiteca.com\/wp-content\/uploads\/2023\/12\/servicios-1-1024x645.png\" alt=\"\" class=\"wp-image-46\" srcset=\"https:\/\/grupoiteca.com\/wp-content\/uploads\/2023\/12\/servicios-1-1024x645.png 1024w, https:\/\/grupoiteca.com\/wp-content\/uploads\/2023\/12\/servicios-1-300x189.png 300w, https:\/\/grupoiteca.com\/wp-content\/uploads\/2023\/12\/servicios-1-768x484.png 768w, https:\/\/grupoiteca.com\/wp-content\/uploads\/2023\/12\/servicios-1.png 1286w\" sizes=\"(max-width: 1024px) 100vw, 1024px\" \/><\/figure>\n<\/div>\n\n\n\n<div class=\"wp-block-group alignfull has-base-background-color has-background has-global-padding is-layout-constrained wp-container-core-group-is-layout-d89aad35 wp-block-group-is-layout-constrained\" style=\"margin-top:0;margin-bottom:0;padding-top:var(--wp--preset--spacing--50);padding-right:var(--wp--preset--spacing--50);padding-bottom:var(--wp--preset--spacing--50);padding-left:var(--wp--preset--spacing--50)\">\n<div class=\"wp-block-columns alignwide is-layout-flex wp-container-core-columns-is-layout-549b0c86 wp-block-columns-is-layout-flex\">\n<div class=\"wp-block-column has-global-padding is-content-justification-left is-layout-constrained wp-container-core-column-is-layout-4f15e8fe wp-block-column-is-layout-constrained\" style=\"flex-basis:40%\">\n<h2 class=\"wp-block-heading\">Ventajas de contar con Grupo Iteca<\/h2>\n<\/div>\n\n\n\n<div class=\"wp-block-column is-layout-flow wp-container-core-column-is-layout-119bc444 wp-block-column-is-layout-flow\" style=\"flex-basis:60%\">\n<p class=\"has-heading-font-family has-x-large-font-size\" style=\"line-height:1.2\">La mejor decisi\u00f3n para mejorar todas las tareas de tu negocio.<\/p>\n\n\n\n<div class=\"wp-block-columns is-layout-flex wp-container-core-columns-is-layout-87beb0d0 wp-block-columns-is-layout-flex\">\n<div class=\"wp-block-column is-layout-flow wp-block-column-is-layout-flow\">\n<p class=\"wp-container-content-9cfa9a5a\"><strong>Contabilidad<\/strong>, todas las tareas contables totalmente actualizadas, llevadas con rigor y con total transparencia.<\/p>\n\n\n\n<p><strong>Documentos<\/strong> siempre a tu disponibilidad y custodiados en un mismo lugar.<\/p>\n\n\n\n<p><strong>Informes en tiempo real<\/strong>, podr\u00e1s mostrar a tus clientes el estado real de sus negocios con informes totalmente actualizados.<\/p>\n\n\n\n<p><strong>Costes<\/strong>, nuestra misi\u00f3n es ayudarte en la eficiencia de tu negocio, la externalizaci\u00f3n de las tareas t\u00e9cnicas de tu asesor\u00eda significar\u00e1 un gran ahorro en costes operativos, personal, de gesti\u00f3n, etc.<\/p>\n<\/div>\n\n\n\n<div class=\"wp-block-column is-layout-flow wp-block-column-is-layout-flow\">\n<p><strong>Laboral<\/strong>, nos encargamos de las comunicaciones con la seguridad social, altas y bajas, elaboraci\u00f3n de contratos, c\u00e1lculo de n\u00f3minas, c\u00e1lculo de finiquitos, cotizaciones, etc.<\/p>\n\n\n\n<p><strong>Fiscal<\/strong>, todas las obligaciones de sus clientes con la agencia tributaria estar\u00e1n totalmente cubiertas por nuestros servicios, y tendr\u00e1 acceso a toda la informaci\u00f3n actualizada.<\/p>\n\n\n\n<p><strong>Planificaci\u00f3n<\/strong>, podr\u00e1s organizar mejor los objetivos de tu negocio, planificar las reuniones con tus clientes con toda la informaci\u00f3n precisa que te brindaremos.<\/p>\n<\/div>\n<\/div>\n<\/div>\n<\/div>\n<\/div>\n\n\n\n<div class=\"wp-block-cover alignfull is-light has-parallax\" style=\"padding-top:var(--wp--preset--spacing--50);padding-right:var(--wp--preset--spacing--50);padding-bottom:var(--wp--preset--spacing--50);padding-left:var(--wp--preset--spacing--50);min-height:100vh;aspect-ratio:unset;\"><span aria-hidden=\"true\" class=\"wp-block-cover__background has-base-background-color has-background-dim-0 has-background-dim\"><\/span><div role=\"img\" class=\"wp-block-cover__image-background wp-image-50 has-parallax\" style=\"background-position:50% 50%;background-image:url(https:\/\/grupoiteca.com\/wp-content\/uploads\/2023\/12\/servicios2.png)\"><\/div><div class=\"wp-block-cover__inner-container has-global-padding is-layout-constrained wp-container-core-cover-is-layout-e4fd886c wp-block-cover-is-layout-constrained\">\n<div style=\"height:500px\" aria-hidden=\"true\" class=\"wp-block-spacer\"><\/div>\n<\/div><\/div>\n\n\n\n<div class=\"wp-block-group alignfull has-base-2-background-color has-background has-global-padding is-layout-constrained wp-container-core-group-is-layout-7cd14b77 wp-block-group-is-layout-constrained\" style=\"margin-top:0;margin-bottom:0;padding-top:var(--wp--preset--spacing--60);padding-right:var(--wp--preset--spacing--60);padding-bottom:var(--wp--preset--spacing--60);padding-left:var(--wp--preset--spacing--60)\">\n<div class=\"wp-block-group alignwide is-layout-flow wp-block-group-is-layout-flow\">\n<div style=\"height:var(--wp--preset--spacing--50)\" aria-hidden=\"true\" class=\"wp-block-spacer\"><\/div>\n\n\n\n<p class=\"has-text-align-center has-heading-font-family has-x-large-font-size\" style=\"font-style:normal;font-weight:400;line-height:1.2\">Grupo Iteca no se limita al pasado: nos apasionan las etapas de vanguardia que dan forma a nuestro mundo actual, en estos tiempo donde lo importante es la especializaci\u00f3n hemos encontrado un nicho de mercado para ofrecer nuestros servicios a empresas como la suya y as\u00ed apoyarles en alcanzar sus objetivos.<\/p>\n\n\n\n<div style=\"height:var(--wp--preset--spacing--50)\" aria-hidden=\"true\" class=\"wp-block-spacer\"><\/div>\n<\/div>\n<\/div>\n\n\n\n<div class=\"wp-block-group alignfull has-base-2-color has-contrast-background-color has-text-color has-background has-link-color wp-elements-f5a2651d910fc4bd508ae1ebc7668c67 has-global-padding is-layout-constrained wp-container-core-group-is-layout-facafb6f wp-block-group-is-layout-constrained\" style=\"margin-top:0;margin-bottom:0;padding-top:var(--wp--preset--spacing--50);padding-right:var(--wp--preset--spacing--50);padding-bottom:var(--wp--preset--spacing--50);padding-left:var(--wp--preset--spacing--50)\">\n<div class=\"wp-block-columns alignwide is-layout-flex wp-container-core-columns-is-layout-d1c656ed wp-block-columns-is-layout-flex\">\n<div class=\"wp-block-column is-vertically-aligned-stretch is-layout-flow wp-block-column-is-layout-flow\" style=\"padding-right:0;flex-basis:60%\">\n<div class=\"wp-block-group is-vertical is-content-justification-stretch is-layout-flex wp-container-core-group-is-layout-ae24f51d wp-block-group-is-layout-flex\" style=\"min-height:100%\">\n<figure class=\"wp-block-image size-large is-style-rounded is-style-rounded--2\"><img decoding=\"async\" width=\"840\" height=\"1024\" src=\"https:\/\/grupoiteca.com\/wp-content\/uploads\/2023\/12\/servicios4-web-840x1024.png\" alt=\"\" class=\"wp-image-55\" style=\"aspect-ratio:9\/16;object-fit:cover\" srcset=\"https:\/\/grupoiteca.com\/wp-content\/uploads\/2023\/12\/servicios4-web-840x1024.png 840w, https:\/\/grupoiteca.com\/wp-content\/uploads\/2023\/12\/servicios4-web-246x300.png 246w, https:\/\/grupoiteca.com\/wp-content\/uploads\/2023\/12\/servicios4-web-768x937.png 768w, https:\/\/grupoiteca.com\/wp-content\/uploads\/2023\/12\/servicios4-web-1260x1536.png 1260w, https:\/\/grupoiteca.com\/wp-content\/uploads\/2023\/12\/servicios4-web-1679x2048.png 1679w\" sizes=\"(max-width: 840px) 100vw, 840px\" \/><\/figure>\n<\/div>\n<\/div>\n\n\n\n<div class=\"wp-block-column is-layout-flow wp-block-column-is-layout-flow\" style=\"flex-basis:40%\">\n<div class=\"wp-block-group has-global-padding is-layout-constrained wp-block-group-is-layout-constrained\">\n<p class=\"has-large-font-size\" style=\"font-style:normal;font-weight:500;line-height:1.2\">Nuestro conjunto integral de servicios profesionales atiende a una clientela diversa del ambito del derecho, desde asesor\u00edas hasta administradores de fincas o asesores inmobiliarios. Con un compromiso con la innovaci\u00f3n y la sostenibilidad, Grupo Iteca es el puente que une la efectividad y la eficiencia de su despacho para alcanzar su principal objetivo: prestar el mejor servicio a sus clientes.<\/p>\n\n\n\n<div style=\"height:var(--wp--preset--spacing--40)\" aria-hidden=\"true\" class=\"wp-block-spacer\"><\/div>\n\n\n\n<div class=\"wp-block-group is-layout-flow wp-block-group-is-layout-flow\">\n<figure class=\"wp-block-image size-full is-style-rounded is-style-rounded--3\"><img decoding=\"async\" width=\"512\" height=\"768\" src=\"https:\/\/grupoiteca.com\/wp-content\/uploads\/2023\/12\/servicios-3.png\" alt=\"\" class=\"wp-image-53\" style=\"aspect-ratio:9\/16;object-fit:cover\" srcset=\"https:\/\/grupoiteca.com\/wp-content\/uploads\/2023\/12\/servicios-3.png 512w, https:\/\/grupoiteca.com\/wp-content\/uploads\/2023\/12\/servicios-3-200x300.png 200w\" sizes=\"(max-width: 512px) 100vw, 512px\" \/><\/figure>\n<\/div>\n<\/div>\n<\/div>\n<\/div>\n<\/div>\n","protected":false},"excerpt":{"rendered":"<p>Su tiempo, lo m\u00e1s importante \u00bfPor qu\u00e9 es necesario para usted Grupo Iteca? Ventajas de contar con Grupo Iteca La mejor decisi\u00f3n para mejorar todas las tareas de tu negocio. Contabilidad, todas las tareas contables totalmente actualizadas, llevadas con rigor y con total transparencia. Documentos siempre a tu disponibilidad y custodiados en un mismo lugar. [&hellip;]<\/p>\n","protected":false},"author":1,"featured_media":0,"parent":0,"menu_order":0,"comment_status":"closed","ping_status":"closed","template":"","meta":{"footnotes":""},"class_list":["post-45","page","type-page","status-publish","hentry"],"_links":{"self":[{"href":"https:\/\/grupoiteca.com\/index.php\/wp-json\/wp\/v2\/pages\/45","targetHints":{"allow":["GET"]}}],"collection":[{"href":"https:\/\/grupoiteca.com\/index.php\/wp-json\/wp\/v2\/pages"}],"about":[{"href":"https:\/\/grupoiteca.com\/index.php\/wp-json\/wp\/v2\/types\/page"}],"author":[{"embeddable":true,"href":"https:\/\/grupoiteca.com\/index.php\/wp-json\/wp\/v2\/users\/1"}],"replies":[{"embeddable":true,"href":"https:\/\/grupoiteca.com\/index.php\/wp-json\/wp\/v2\/comments?post=45"}],"version-history":[{"count":6,"href":"https:\/\/grupoiteca.com\/index.php\/wp-json\/wp\/v2\/pages\/45\/revisions"}],"predecessor-version":[{"id":56,"href":"https:\/\/grupoiteca.com\/index.php\/wp-json\/wp\/v2\/pages\/45\/revisions\/56"}],"wp:attachment":[{"href":"https:\/\/grupoiteca.com\/index.php\/wp-json\/wp\/v2\/media?parent=45"}],"curies":[{"name":"wp","href":"https:\/\/api.w.org\/{rel}","templated":true}]}}