{"id":62,"date":"2023-12-28T18:22:29","date_gmt":"2023-12-28T18:22:29","guid":{"rendered":"https:\/\/grupoiteca.com\/?page_id=62"},"modified":"2023-12-28T18:22:29","modified_gmt":"2023-12-28T18:22:29","slug":"62-2","status":"publish","type":"page","link":"https:\/\/grupoiteca.com\/","title":{"rendered":""},"content":{"rendered":"\n<div class=\"wp-block-group alignfull has-global-padding is-layout-constrained wp-container-core-group-is-layout-490fa1db wp-block-group-is-layout-constrained\" style=\"padding-top:var(--wp--preset--spacing--50);padding-right:var(--wp--preset--spacing--50);padding-bottom:var(--wp--preset--spacing--50);padding-left:var(--wp--preset--spacing--50)\">\n<div class=\"wp-block-group has-global-padding is-layout-constrained wp-container-core-group-is-layout-650790e1 wp-block-group-is-layout-constrained\">\n<h1 class=\"wp-block-heading has-text-align-center has-x-large-font-size\">Servicios Exclusivo para Asesor\u00edas Despachos de Abogados y Profesionales del Derecho<br><\/h1>\n\n\n\n<div style=\"height:1.25rem\" aria-hidden=\"true\" class=\"wp-block-spacer\"><\/div>\n\n\n\n<p class=\"has-text-align-center\">Externalizaci\u00f3n de servicios<\/p>\n\n\n\n<div style=\"height:1.25rem\" aria-hidden=\"true\" class=\"wp-block-spacer\"><\/div>\n\n\n\n<div class=\"wp-block-buttons is-content-justification-center is-layout-flex wp-container-core-buttons-is-layout-a89b3969 wp-block-buttons-is-layout-flex\">\n<div class=\"wp-block-button\"><a class=\"wp-block-button__link wp-element-button\" href=\"https:\/\/grupoiteca.com\/index.php\/quienes-somos\/\">\u00bfQui\u00e9nes somos?<\/a><\/div>\n<\/div>\n<\/div>\n\n\n\n<div style=\"height:var(--wp--preset--spacing--30)\" aria-hidden=\"true\" class=\"wp-block-spacer\"><\/div>\n\n\n\n<figure class=\"wp-block-image alignwide size-full is-style-rounded is-style-rounded--1\"><img fetchpriority=\"high\" decoding=\"async\" width=\"1200\" height=\"800\" src=\"https:\/\/grupoiteca.com\/wp-content\/uploads\/2023\/12\/quienessomos4WEB-1.png\" alt=\"\" class=\"wp-image-63\" srcset=\"https:\/\/grupoiteca.com\/wp-content\/uploads\/2023\/12\/quienessomos4WEB-1.png 1200w, https:\/\/grupoiteca.com\/wp-content\/uploads\/2023\/12\/quienessomos4WEB-1-300x200.png 300w, https:\/\/grupoiteca.com\/wp-content\/uploads\/2023\/12\/quienessomos4WEB-1-1024x683.png 1024w, https:\/\/grupoiteca.com\/wp-content\/uploads\/2023\/12\/quienessomos4WEB-1-768x512.png 768w\" sizes=\"(max-width: 1200px) 100vw, 1200px\" \/><\/figure>\n<\/div>\n\n\n\n<div class=\"wp-block-group alignfull has-base-2-background-color has-background has-global-padding is-layout-constrained wp-container-core-group-is-layout-669513ed wp-block-group-is-layout-constrained\" style=\"margin-top:0;margin-bottom:0;padding-top:var(--wp--preset--spacing--50);padding-right:var(--wp--preset--spacing--50);padding-bottom:var(--wp--preset--spacing--50);padding-left:var(--wp--preset--spacing--50)\">\n<div class=\"wp-block-group is-vertical is-content-justification-center is-layout-flex wp-container-core-group-is-layout-52b864f0 wp-block-group-is-layout-flex\">\n<h2 class=\"wp-block-heading has-text-align-center is-style-asterisk\">IR JUNTOS<br>es comenzar.<br>MANTENERSE JUNTOS<br>es progresar.<br>TRABAJAR JUNTOS<br>es triunfar.<\/h2>\n\n\n\n<div style=\"height:0px\" aria-hidden=\"true\" class=\"wp-block-spacer wp-container-content-4f2ccadb\"><\/div>\n\n\n\n<p>Nuestro conjunto integral de servicios t\u00e9cnicos y profesionales est\u00e1 dirigido a una clientela diversa, desde gestores hasta administradores de fincas.<\/p>\n\n\n\n<p><br>Externalice las funciones t\u00e9cnicas de su despacho y destine su tiempo a realizar las funciones de asesoramiento a sus clientes.<\/p>\n<\/div>\n\n\n\n<div style=\"margin-top:0;margin-bottom:0;height:var(--wp--preset--spacing--40)\" aria-hidden=\"true\" class=\"wp-block-spacer\"><\/div>\n\n\n\n<div class=\"wp-block-columns alignwide is-layout-flex wp-container-core-columns-is-layout-d0bbbce0 wp-block-columns-is-layout-flex\">\n<div class=\"wp-block-column is-layout-flow wp-container-core-column-is-layout-e3d1c41b wp-block-column-is-layout-flow\">\n<h3 class=\"wp-block-heading has-text-align-left is-style-asterisk has-body-font-family has-medium-font-size\" style=\"font-style:normal;font-weight:600\">Contabilidad<\/h3>\n\n\n\n<p class=\"has-text-align-left\">Elaboramos el sistema contable m\u00e1s adecuado para las empresas que usted asesora.<\/p>\n<\/div>\n\n\n\n<div class=\"wp-block-column is-layout-flow wp-container-core-column-is-layout-e3d1c41b wp-block-column-is-layout-flow\">\n<h3 class=\"wp-block-heading has-text-align-left is-style-asterisk has-body-font-family has-medium-font-size\" style=\"font-style:normal;font-weight:600\">Laboral<\/h3>\n\n\n\n<p class=\"has-text-align-left\">Confecci\u00f3n de contratos, seguridad social, n\u00f3minas, finiquitos, etc.<\/p>\n<\/div>\n\n\n\n<div class=\"wp-block-column is-layout-flow wp-container-core-column-is-layout-e3d1c41b wp-block-column-is-layout-flow\">\n<h3 class=\"wp-block-heading has-text-align-left is-style-asterisk has-body-font-family has-medium-font-size\" style=\"font-style:normal;font-weight:600\">Fiscalidad<\/h3>\n\n\n\n<p class=\"has-text-align-left\">Declaraciones IRPF, IVA, requerimientos, resoluci\u00f3n de expedientes, etc.<\/p>\n<\/div>\n<\/div>\n\n\n\n<div style=\"height:var(--wp--preset--spacing--20)\" aria-hidden=\"true\" class=\"wp-block-spacer\"><\/div>\n\n\n\n<div class=\"wp-block-columns alignwide is-layout-flex wp-container-core-columns-is-layout-d0bbbce0 wp-block-columns-is-layout-flex\">\n<div class=\"wp-block-column is-layout-flow wp-container-core-column-is-layout-e3d1c41b wp-block-column-is-layout-flow\">\n<h3 class=\"wp-block-heading has-text-align-left is-style-asterisk has-body-font-family has-medium-font-size\" style=\"font-style:normal;font-weight:600\">Cl\u00e1usula de confidencialidad<\/h3>\n\n\n\n<p class=\"has-text-align-left\">Nuestro servicio le garantiza la m\u00e1xima confidencialidad ante sus clientes.<\/p>\n<\/div>\n\n\n\n<div class=\"wp-block-column is-layout-flow wp-container-core-column-is-layout-e3d1c41b wp-block-column-is-layout-flow\">\n<h3 class=\"wp-block-heading has-text-align-left is-style-asterisk has-body-font-family has-medium-font-size\" style=\"font-style:normal;font-weight:600\">Cl\u00e1usula de no competencia<\/h3>\n\n\n\n<p>Como toda relaci\u00f3n se basa en la confianza, no tenemos ninguna relaci\u00f3n con los clientes de nuestros colaboradores.<\/p>\n<\/div>\n\n\n\n<div class=\"wp-block-column is-layout-flow wp-container-core-column-is-layout-e3d1c41b wp-block-column-is-layout-flow\">\n<h3 class=\"wp-block-heading has-text-align-left is-style-asterisk has-body-font-family has-medium-font-size\" style=\"font-style:normal;font-weight:600\">Software adaptado a sus necesidades<\/h3>\n\n\n\n<p>Podemos realizar las tareas t\u00e9cnicas en las distintas plataformas inform\u00e1ticas que usted prefiera.<\/p>\n<\/div>\n<\/div>\n<\/div>\n\n\n\n<div class=\"wp-block-group alignfull has-global-padding is-layout-constrained wp-container-core-group-is-layout-d89aad35 wp-block-group-is-layout-constrained\" style=\"margin-top:0;margin-bottom:0;padding-top:var(--wp--preset--spacing--50);padding-right:var(--wp--preset--spacing--50);padding-bottom:var(--wp--preset--spacing--50);padding-left:var(--wp--preset--spacing--50)\">\n<div class=\"wp-block-group alignwide has-global-padding is-layout-constrained wp-container-core-group-is-layout-19e250f3 wp-block-group-is-layout-constrained\">\n<div class=\"wp-block-group is-vertical is-content-justification-center is-layout-flex wp-container-core-group-is-layout-6329a8f3 wp-block-group-is-layout-flex\">\n<h2 class=\"wp-block-heading has-text-align-center is-style-asterisk\">Gran variedad de recursos<\/h2>\n\n\n\n<p class=\"has-text-align-center\">Para su mejor adaptaci\u00f3n a nuestro sistema, podemos realizar los trabajos t\u00e9cnicos en materia laboral, contable, fiscal, etc. En las plataformas que usted utilice.<\/p>\n<\/div>\n\n\n\n<div style=\"height:var(--wp--preset--spacing--40)\" aria-hidden=\"true\" class=\"wp-block-spacer\"><\/div>\n\n\n\n<div class=\"wp-block-columns alignwide is-layout-flex wp-container-core-columns-is-layout-d1c656ed wp-block-columns-is-layout-flex\">\n<div class=\"wp-block-column is-vertically-aligned-center is-layout-flow wp-block-column-is-layout-flow\" style=\"flex-basis:40%\">\n<h3 class=\"wp-block-heading is-style-asterisk\">Planificaci\u00f3n<\/h3>\n\n\n\n<ul style=\"line-height:1.75\" class=\"is-style-checkmark-list wp-block-list\">\n<li>Planificamos en base a sus indicaciones el plan contable de sus clientes.<\/li>\n\n\n\n<li>Elaboraci\u00f3n de la pol\u00edtica salarial.<\/li>\n\n\n\n<li>Ahorre espacio y costes inform\u00e1ticos.<\/li>\n\n\n\n<li>Utilizaci\u00f3n de las plataformas y software de gesti\u00f3n m\u00e1s eficientes del mercado.<\/li>\n<\/ul>\n<\/div>\n\n\n\n<div class=\"wp-block-column is-layout-flow wp-block-column-is-layout-flow\" style=\"flex-basis:50%\">\n<figure class=\"wp-block-image size-large is-style-rounded is-style-rounded--2\"><img decoding=\"async\" width=\"1024\" height=\"579\" src=\"https:\/\/grupoiteca.com\/wp-content\/uploads\/2023\/12\/Assesoria-pymes-y-autonomos-1024x579.jpg\" alt=\"\" class=\"wp-image-8\" srcset=\"https:\/\/grupoiteca.com\/wp-content\/uploads\/2023\/12\/Assesoria-pymes-y-autonomos-1024x579.jpg 1024w, https:\/\/grupoiteca.com\/wp-content\/uploads\/2023\/12\/Assesoria-pymes-y-autonomos-300x170.jpg 300w, https:\/\/grupoiteca.com\/wp-content\/uploads\/2023\/12\/Assesoria-pymes-y-autonomos-768x435.jpg 768w, https:\/\/grupoiteca.com\/wp-content\/uploads\/2023\/12\/Assesoria-pymes-y-autonomos.jpg 1184w\" sizes=\"(max-width: 1024px) 100vw, 1024px\" \/><\/figure>\n<\/div>\n<\/div>\n\n\n\n<div style=\"height:var(--wp--preset--spacing--40)\" aria-hidden=\"true\" class=\"wp-block-spacer\"><\/div>\n\n\n\n<div class=\"wp-block-columns alignwide is-layout-flex wp-container-core-columns-is-layout-d1c656ed wp-block-columns-is-layout-flex\">\n<div class=\"wp-block-column is-layout-flow wp-block-column-is-layout-flow\" style=\"flex-basis:50%\">\n<figure class=\"wp-block-image size-large is-style-rounded is-style-rounded--3\"><img decoding=\"async\" width=\"1024\" height=\"683\" src=\"https:\/\/grupoiteca.com\/wp-content\/uploads\/2023\/12\/quienessomos-blanco-y-negro-1024x683.jpg\" alt=\"\" class=\"wp-image-14\" srcset=\"https:\/\/grupoiteca.com\/wp-content\/uploads\/2023\/12\/quienessomos-blanco-y-negro-1024x683.jpg 1024w, https:\/\/grupoiteca.com\/wp-content\/uploads\/2023\/12\/quienessomos-blanco-y-negro-300x200.jpg 300w, https:\/\/grupoiteca.com\/wp-content\/uploads\/2023\/12\/quienessomos-blanco-y-negro-768x512.jpg 768w, https:\/\/grupoiteca.com\/wp-content\/uploads\/2023\/12\/quienessomos-blanco-y-negro.jpg 1200w\" sizes=\"(max-width: 1024px) 100vw, 1024px\" \/><\/figure>\n<\/div>\n\n\n\n<div class=\"wp-block-column is-vertically-aligned-center is-layout-flow wp-block-column-is-layout-flow\" style=\"flex-basis:40%\">\n<h3 class=\"wp-block-heading is-style-asterisk\">Ventajas de elegirnos<\/h3>\n\n\n\n<ul style=\"line-height:1.75\" class=\"is-style-checkmark-list wp-block-list\">\n<li>Ahorro en el coste de personal.<\/li>\n\n\n\n<li>M\u00e1s tiempo para dedicar a sus funciones de asesor\u00eda.<\/li>\n\n\n\n<li>Ahorro en costes y procesos inform\u00e1ticos.<\/li>\n\n\n\n<li>Disponibilidad total de la informaci\u00f3n.<\/li>\n\n\n\n<li>Acuerdos de confidencialidad y no competencia.<\/li>\n\n\n\n<li>Gesti\u00f3n de varios sectores sin costes operativos.<\/li>\n<\/ul>\n<\/div>\n<\/div>\n<\/div>\n<\/div>\n\n\n\n<div class=\"wp-block-group alignfull has-base-color has-contrast-background-color has-text-color has-background has-global-padding is-layout-constrained wp-container-core-group-is-layout-ef3d885c wp-block-group-is-layout-constrained\" style=\"margin-top:0;margin-bottom:0;padding-top:var(--wp--preset--spacing--60);padding-right:var(--wp--preset--spacing--60);padding-bottom:var(--wp--preset--spacing--60);padding-left:var(--wp--preset--spacing--60)\">\n<div class=\"wp-block-group has-global-padding is-layout-constrained wp-block-group-is-layout-constrained\">\n<p class=\"has-text-align-center has-base-color has-text-color has-heading-font-family has-x-large-font-size\" style=\"line-height:1.2\"> <em><em>\u201cD\u00e9 el gran paso y externalice las funciones t\u00e9cnicas de su asesor\u00eda.\u201d<\/em><\/em> <\/p>\n<\/div>\n<\/div>\n\n\n\n<div class=\"wp-block-group alignfull has-global-padding is-layout-constrained wp-container-core-group-is-layout-d89aad35 wp-block-group-is-layout-constrained\" style=\"margin-top:0;margin-bottom:0;padding-top:var(--wp--preset--spacing--50);padding-right:var(--wp--preset--spacing--50);padding-bottom:var(--wp--preset--spacing--50);padding-left:var(--wp--preset--spacing--50)\">\n<h2 class=\"wp-block-heading alignwide has-x-large-font-size\" style=\"margin-top:0;margin-bottom:var(--wp--preset--spacing--40);line-height:1\">Aprende, lee, investiga en nuestro blog de noticias<\/h2>\n\n\n\n<div class=\"wp-block-group alignwide has-global-padding is-layout-constrained wp-block-group-is-layout-constrained\">\n<div class=\"wp-block-query alignwide is-layout-flow wp-block-query-is-layout-flow\">\n\n\n<div style=\"height:var(--wp--preset--spacing--30)\" aria-hidden=\"true\" class=\"wp-block-spacer\"><\/div>\n\n\n\n\n<div class=\"wp-block-query-no-results\">\n\n<p>No posts were found.<\/p>\n\n<\/div><\/div>\n<\/div>\n<\/div>\n\n\n\n<div class=\"wp-block-group alignfull has-global-padding is-layout-constrained wp-container-core-group-is-layout-d89aad35 wp-block-group-is-layout-constrained\" style=\"margin-top:0;margin-bottom:0;padding-top:var(--wp--preset--spacing--50);padding-right:var(--wp--preset--spacing--50);padding-bottom:var(--wp--preset--spacing--50);padding-left:var(--wp--preset--spacing--50)\">\n<div class=\"wp-block-group alignwide has-base-2-background-color has-background has-global-padding is-layout-constrained wp-container-core-group-is-layout-39412042 wp-block-group-is-layout-constrained\" style=\"border-radius:16px;padding-top:var(--wp--preset--spacing--40);padding-right:var(--wp--preset--spacing--50);padding-bottom:var(--wp--preset--spacing--40);padding-left:var(--wp--preset--spacing--50)\">\n<div style=\"height:var(--wp--preset--spacing--10)\" aria-hidden=\"true\" class=\"wp-block-spacer\"><\/div>\n\n\n\n<h2 class=\"wp-block-heading has-text-align-center has-x-large-font-size\">Somos m\u00e1s de 900 suscriptores<\/h2>\n\n\n\n<p class=\"has-text-align-center\">Mant\u00e9ngase informado con todo lo que necesita saber.<\/p>\n\n\n\n<div class=\"wp-block-buttons is-content-justification-center is-layout-flex wp-container-core-buttons-is-layout-a89b3969 wp-block-buttons-is-layout-flex\">\n<div class=\"wp-block-button\"><a class=\"wp-block-button__link wp-element-button\">Suscr\u00edbete<\/a><\/div>\n<\/div>\n\n\n\n<div style=\"height:var(--wp--preset--spacing--10)\" aria-hidden=\"true\" class=\"wp-block-spacer\"><\/div>\n<\/div>\n<\/div>\n","protected":false},"excerpt":{"rendered":"<p>Servicios Exclusivo para Asesor\u00edas Despachos de Abogados y Profesionales del Derecho Externalizaci\u00f3n de servicios IR JUNTOSes comenzar.MANTENERSE JUNTOSes progresar.TRABAJAR JUNTOSes triunfar. Nuestro conjunto integral de servicios t\u00e9cnicos y profesionales est\u00e1 dirigido a una clientela diversa, desde gestores hasta administradores de fincas. Externalice las funciones t\u00e9cnicas de su despacho y destine su tiempo a realizar las [&hellip;]<\/p>\n","protected":false},"author":1,"featured_media":0,"parent":0,"menu_order":0,"comment_status":"closed","ping_status":"closed","template":"","meta":{"footnotes":""},"class_list":["post-62","page","type-page","status-publish","hentry"],"_links":{"self":[{"href":"https:\/\/grupoiteca.com\/index.php\/wp-json\/wp\/v2\/pages\/62","targetHints":{"allow":["GET"]}}],"collection":[{"href":"https:\/\/grupoiteca.com\/index.php\/wp-json\/wp\/v2\/pages"}],"about":[{"href":"https:\/\/grupoiteca.com\/index.php\/wp-json\/wp\/v2\/types\/page"}],"author":[{"embeddable":true,"href":"https:\/\/grupoiteca.com\/index.php\/wp-json\/wp\/v2\/users\/1"}],"replies":[{"embeddable":true,"href":"https:\/\/grupoiteca.com\/index.php\/wp-json\/wp\/v2\/comments?post=62"}],"version-history":[{"count":1,"href":"https:\/\/grupoiteca.com\/index.php\/wp-json\/wp\/v2\/pages\/62\/revisions"}],"predecessor-version":[{"id":64,"href":"https:\/\/grupoiteca.com\/index.php\/wp-json\/wp\/v2\/pages\/62\/revisions\/64"}],"wp:attachment":[{"href":"https:\/\/grupoiteca.com\/index.php\/wp-json\/wp\/v2\/media?parent=62"}],"curies":[{"name":"wp","href":"https:\/\/api.w.org\/{rel}","templated":true}]}}